{"id":13219,"date":"2024-11-18T16:06:19","date_gmt":"2024-11-18T16:06:19","guid":{"rendered":"https:\/\/www.allora.pt\/reservar-passagem-de-ano\/"},"modified":"2026-01-08T10:02:47","modified_gmt":"2026-01-08T10:02:47","slug":"book-new-years-eve","status":"publish","type":"page","link":"https:\/\/www.allora.pt\/en\/book-new-years-eve\/","title":{"rendered":"Book New Year&#8217;s Eve"},"content":{"rendered":"\t\t<div data-elementor-type=\"wp-page\" data-elementor-id=\"13219\" class=\"elementor elementor-13219 elementor-13202\">\n\t\t\t\t\t\t<section class=\"elementor-section elementor-top-section elementor-element elementor-element-44227e5 elementor-section-full_width elementor-section-height-default elementor-section-height-default qodef-elementor-content-no\" data-id=\"44227e5\" data-element_type=\"section\" data-settings=\"{&quot;background_background&quot;:&quot;classic&quot;}\">\n\t\t\t\t\t\t<div class=\"elementor-container elementor-column-gap-no\">\n\t\t\t\t\t<div class=\"elementor-column elementor-col-50 elementor-top-column elementor-element elementor-element-2054633\" data-id=\"2054633\" data-element_type=\"column\" data-settings=\"{&quot;background_background&quot;:&quot;classic&quot;}\">\n\t\t\t<div class=\"elementor-widget-wrap elementor-element-populated\">\n\t\t\t\t\t\t\t<\/div>\n\t\t<\/div>\n\t\t\t\t<div class=\"elementor-column elementor-col-50 elementor-top-column elementor-element elementor-element-daebb1a\" data-id=\"daebb1a\" data-element_type=\"column\" data-settings=\"{&quot;background_background&quot;:&quot;classic&quot;}\">\n\t\t\t<div class=\"elementor-widget-wrap elementor-element-populated\">\n\t\t\t\t\t\t<section class=\"elementor-section elementor-inner-section elementor-element elementor-element-bbd2ce9 elementor-section-boxed elementor-section-height-default elementor-section-height-default qodef-elementor-content-no\" data-id=\"bbd2ce9\" data-element_type=\"section\">\n\t\t\t\t\t\t<div class=\"elementor-container elementor-column-gap-default\">\n\t\t\t\t\t<div class=\"elementor-column elementor-col-100 elementor-inner-column elementor-element elementor-element-830967c\" data-id=\"830967c\" data-element_type=\"column\">\n\t\t\t<div class=\"elementor-widget-wrap elementor-element-populated\">\n\t\t\t\t\t\t<div class=\"elementor-element elementor-element-fe89cb8 elementor-widget elementor-widget-text-editor\" data-id=\"fe89cb8\" data-element_type=\"widget\" data-widget_type=\"text-editor.default\">\n\t\t\t\t<div class=\"elementor-widget-container\">\n\t\t\t<style>\/*! elementor - v3.21.0 - 26-05-2024 *\/\n.elementor-widget-text-editor.elementor-drop-cap-view-stacked .elementor-drop-cap{background-color:#69727d;color:#fff}.elementor-widget-text-editor.elementor-drop-cap-view-framed .elementor-drop-cap{color:#69727d;border:3px solid;background-color:transparent}.elementor-widget-text-editor:not(.elementor-drop-cap-view-default) .elementor-drop-cap{margin-top:8px}.elementor-widget-text-editor:not(.elementor-drop-cap-view-default) .elementor-drop-cap-letter{width:1em;height:1em}.elementor-widget-text-editor .elementor-drop-cap{float:left;text-align:center;line-height:1;font-size:50px}.elementor-widget-text-editor .elementor-drop-cap-letter{display:inline-block}<\/style>\t\t\t\t<h1 style=\"font-size: 30px; font-weight: bold; margin-bottom: 5px; color: #b99852; text-align: left;\">New Year&#8217;s Eve at Allora<\/h1>\n<h2 style=\"font-size: 26px!important; font-weight: normal!important; text-transform: none; text-align: left; margin-top: 0px; margin-bottom: 0px;\">Start a New Year&#8217;s tradition<\/h2>\t\t\t\t\t\t<\/div>\n\t\t\t\t<\/div>\n\t\t\t\t<div class=\"elementor-element elementor-element-1701d0d elementor-widget elementor-widget-html\" data-id=\"1701d0d\" data-element_type=\"widget\" data-widget_type=\"html.default\">\n\t\t\t\t<div class=\"elementor-widget-container\">\n\t\t\t<p style=\"font-size:16px;text-align:left;font-weight:400;text-transform: none;margin-top:0px;\"> Celebrate New Year\u2019s Eve with the vibrant spirit of Italy at Allora. Discover a special dinner where classic Italian flavours meet festive glamour \u2014 for a sparkling start to 2026.<\/p>\n<p style=\"margin-top:20px;\"><strong>Welcome 2026 with the 7 wonders of the world:<\/strong><\/p>\n<ul>\n    <li>5-course menu with drinks included<\/li>\n    <li>Time: 7.00 p.m. \u2013 1.00 a.m.<\/li>\n    <li>Animation with Live Music<\/li>\n<\/ul>\n\t\t<\/div>\n\t\t\t\t<\/div>\n\t\t\t\t<div class=\"elementor-element elementor-element-5f6d0f6 elementor-widget__width-auto elementor-widget elementor-widget-beurre_core_button\" data-id=\"5f6d0f6\" data-element_type=\"widget\" data-widget_type=\"beurre_core_button.default\">\n\t\t\t\t<div class=\"elementor-widget-container\">\n\t\t\t<a class=\"qodef-shortcode qodef-m botao-PDA-2025 qodef-button qodef-layout--outlined  qodef-html--link\" href=\"https:\/\/digitalassistant.sanahotels.com\/eMenu\/epic_sana_marques_1035\/view\/info\/10#menu-4406\" target=\"_blank\"  >\n\t<span class=\"qodef-m-border--top-left\"><\/span>\n\t<span class=\"qodef-m-border--bottom-right\"><\/span>\n\t<span class=\"qodef-m-text\">View Menu<\/span>\n<\/a>\n\t\t<\/div>\n\t\t\t\t<\/div>\n\t\t\t\t<div class=\"elementor-element elementor-element-14055eb elementor-widget__width-auto elementor-widget elementor-widget-beurre_core_button\" data-id=\"14055eb\" data-element_type=\"widget\" data-widget_type=\"beurre_core_button.default\">\n\t\t\t\t<div class=\"elementor-widget-container\">\n\t\t\t<a class=\"qodef-shortcode qodef-m botao-PDA-2025-2 qodef-button qodef-layout--filled  qodef-html--link\" href=\"#book\" target=\"_self\"  >\n\t<span class=\"qodef-m-text\">Book a table<\/span>\n<\/a>\n\t\t<\/div>\n\t\t\t\t<\/div>\n\t\t\t\t\t<\/div>\n\t\t<\/div>\n\t\t\t\t\t<\/div>\n\t\t<\/section>\n\t\t\t\t\t<\/div>\n\t\t<\/div>\n\t\t\t\t\t<\/div>\n\t\t<\/section>\n\t\t\t\t<section class=\"elementor-section elementor-top-section elementor-element elementor-element-e105061 elementor-section-full_width qodef-elementor-content-grid elementor-section-height-default elementor-section-height-default\" data-id=\"e105061\" data-element_type=\"section\" data-settings=\"{&quot;background_background&quot;:&quot;classic&quot;}\">\n\t\t\t\t\t\t<div class=\"elementor-container elementor-column-gap-default\">\n\t\t\t\t\t<div class=\"elementor-column elementor-col-100 elementor-top-column elementor-element elementor-element-8c1a152\" data-id=\"8c1a152\" data-element_type=\"column\">\n\t\t\t<div class=\"elementor-widget-wrap elementor-element-populated\">\n\t\t\t\t\t\t<div class=\"elementor-element elementor-element-ea48f10 elementor-widget elementor-widget-text-editor\" data-id=\"ea48f10\" data-element_type=\"widget\" data-widget_type=\"text-editor.default\">\n\t\t\t\t<div class=\"elementor-widget-container\">\n\t\t\t\t\t\t\t<h3 style=\"font-size: 24px; text-align: center;\">Book your table now and celebrate New Year&#8217;s Eve Italian style<\/h3>\t\t\t\t\t\t<\/div>\n\t\t\t\t<\/div>\n\t\t\t\t<div class=\"elementor-element elementor-element-3f1d0cb elementor-widget elementor-widget-wp-widget-beurre_core_contact_form_7\" data-id=\"3f1d0cb\" data-element_type=\"widget\" id=\"book\" data-widget_type=\"wp-widget-beurre_core_contact_form_7.default\">\n\t\t\t\t<div class=\"elementor-widget-container\">\n\t\t\t\t\t\t<div class=\"qodef-contact-form-7\">\n\t\t\t\t\n<div class=\"wpcf7 no-js\" id=\"wpcf7-f13225-o1\" lang=\"en-US\" dir=\"ltr\">\n<div class=\"screen-reader-response\"><p role=\"status\" aria-live=\"polite\" aria-atomic=\"true\"><\/p> <ul><\/ul><\/div>\n<form action=\"\/en\/wp-json\/wp\/v2\/pages\/13219#wpcf7-f13225-o1\" method=\"post\" class=\"wpcf7-form init\" aria-label=\"Contact form\" novalidate=\"novalidate\" data-status=\"init\">\n<div style=\"display: none;\">\n<input type=\"hidden\" name=\"_wpcf7\" value=\"13225\" \/>\n<input type=\"hidden\" name=\"_wpcf7_version\" value=\"5.9.5\" \/>\n<input type=\"hidden\" name=\"_wpcf7_locale\" value=\"en_US\" \/>\n<input type=\"hidden\" name=\"_wpcf7_unit_tag\" value=\"wpcf7-f13225-o1\" \/>\n<input type=\"hidden\" name=\"_wpcf7_container_post\" value=\"0\" \/>\n<input type=\"hidden\" name=\"_wpcf7_posted_data_hash\" value=\"\" \/>\n<input type=\"hidden\" name=\"_wpcf7_recaptcha_response\" value=\"\" \/>\n<\/div>\n<div class=\"qodef-grid qodef-layout--columns qodef-responsive--custom qodef-col-num--2 qodef-col-num--680--1 qodef-col-num--480--1 qodef-gutter--small qodef--no-bottom-space\">\n<span class=\"wpcf7-form-control-wrap\" data-name=\"your-name\"><input size=\"40\" class=\"wpcf7-form-control wpcf7-text wpcf7-validates-as-required\" aria-required=\"true\" aria-invalid=\"false\" placeholder=\"Name...\" value=\"\" type=\"text\" name=\"your-name\" \/><\/span>\n<span class=\"wpcf7-form-control-wrap\" data-name=\"your-email\"><input size=\"40\" class=\"wpcf7-form-control wpcf7-email wpcf7-validates-as-required wpcf7-text wpcf7-validates-as-email\" aria-required=\"true\" aria-invalid=\"false\" placeholder=\"Email...\" value=\"\" type=\"email\" name=\"your-email\" \/><\/span>\n\n<span class=\"wpcf7-form-control-wrap\" data-name=\"your-phone\"><input size=\"40\" class=\"wpcf7-form-control wpcf7-text wpcf7-validates-as-required\" aria-required=\"true\" aria-invalid=\"false\" placeholder=\"Phone...\" value=\"\" type=\"text\" name=\"your-phone\" \/><\/span>\n<span class=\"wpcf7-form-control-wrap\" data-name=\"your-nPessoas\"><input size=\"40\" class=\"wpcf7-form-control wpcf7-text wpcf7-validates-as-required\" aria-required=\"true\" aria-invalid=\"false\" placeholder=\"Number of people...\" value=\"\" type=\"text\" name=\"your-nPessoas\" \/><\/span>\n<label>  Day  <\/label> <br>\n<span class=\"wpcf7-form-control-wrap\" data-name=\"checkbox-752\"><span class=\"wpcf7-form-control wpcf7-checkbox wpcf7-validates-as-required\"><span class=\"wpcf7-list-item first last\"><input type=\"checkbox\" name=\"checkbox-752[]\" value=\"Day 31\/12 - New Year&#039;s Eve Dinner\" \/><span class=\"wpcf7-list-item-label\">Day 31\/12 - New Year&#039;s Eve Dinner<\/span><\/span><\/span><\/span>\n\n<span class=\"wpcf7-form-control-wrap\" data-name=\"your-pedidos-especiais\"><textarea cols=\"40\" rows=\"3\" class=\"wpcf7-form-control wpcf7-textarea\" aria-invalid=\"false\" placeholder=\"You have something to tell us about your reservation...\" name=\"your-pedidos-especiais\"><\/textarea><\/span>\n\n<span class=\"wpcf7-form-control-wrap\" data-name=\"your-alergias\"><textarea cols=\"40\" rows=\"3\" class=\"wpcf7-form-control wpcf7-textarea\" aria-invalid=\"false\" placeholder=\"There&#039;s something you wanted to tell us about dietary restrictions...\" name=\"your-alergias\"><\/textarea><\/span>\n\n<span class=\"wpcf7-form-control-wrap\" data-name=\"your-message\"><textarea cols=\"40\" rows=\"3\" class=\"wpcf7-form-control wpcf7-textarea\" aria-invalid=\"false\" placeholder=\"Write down the booking details...\" name=\"your-message\"><\/textarea><\/span>\n\n<span class=\"wpcf7-form-control-wrap\" data-name=\"acceptance-662\"><span class=\"wpcf7-form-control wpcf7-acceptance optional\"><span class=\"wpcf7-list-item\"><label><input type=\"checkbox\" name=\"acceptance-662\" value=\"1\" aria-invalid=\"false\" \/><span class=\"wpcf7-list-item-label\">By submitting the form I authorize the Hotel and\/or SANA Hotels Portugal, S.A. to use my personal data, including those collected and provided voluntarily during my stays, for the purposes of contact for marketing actions, generic or personalized campaigns, promotions and offers related to SANA Hotels products and services, participation in service evaluations, creation and management of profiles in the central database of SANA Hotels Portugal, S.A., based on the information collected and made available during my stays.I confirm that I have been informed that I can withdraw this consent at any time by sending an e-mail to data@privacy.pt. For more information on the processing of your personal data, please consult the <a href=\"https:\/\/www.allora.pt\/en\/terms-and-conditions\/\" target=\"_blank\"> Terms and Conditions <\/a> and our <a href=\"https:\/\/www.allora.pt\/en\/privacy-policy\/\" target=\"_blank\"> Privacy Policy <\/a>.<\/span><\/label><\/span><\/span><\/span>\n\n<button class=\"wpcf7-form-control wpcf7-submit qodef-shortcode qodef-m qodef-button qodef-size--normal qodef-layout--outlined\" type=\"submit\"><span class=\"qodef-m-border--top-left\"><\/span><span class=\"qodef-m-border--bottom-right\"><\/span><span class=\"qodef-m-text\">Submit<\/span><\/button>\n<\/div><div class=\"wpcf7-response-output\" aria-hidden=\"true\"><\/div>\n<\/form>\n<\/div>\n\t\t\t<\/div>\n\t\t\t\t\t<\/div>\n\t\t\t\t<\/div>\n\t\t\t\t\t<\/div>\n\t\t<\/div>\n\t\t\t\t\t<\/div>\n\t\t<\/section>\n\t\t\t\t<section class=\"elementor-section elementor-top-section elementor-element elementor-element-970e892 elementor-section-boxed elementor-section-height-default elementor-section-height-default qodef-elementor-content-no\" data-id=\"970e892\" data-element_type=\"section\" data-settings=\"{&quot;background_background&quot;:&quot;classic&quot;}\">\n\t\t\t\t\t\t<div class=\"elementor-container elementor-column-gap-default\">\n\t\t\t\t\t<div class=\"elementor-column elementor-col-100 elementor-top-column elementor-element elementor-element-ab69300\" data-id=\"ab69300\" data-element_type=\"column\">\n\t\t\t<div class=\"elementor-widget-wrap elementor-element-populated\">\n\t\t\t\t\t\t<div class=\"elementor-element elementor-element-d63d65d elementor-widget__width-initial elementor-widget elementor-widget-qi_addons_for_elementor_faq\" data-id=\"d63d65d\" data-element_type=\"widget\" data-widget_type=\"qi_addons_for_elementor_faq.default\">\n\t\t\t\t<div class=\"elementor-widget-container\">\n\t\t\t<div class=\"qodef-shortcode qodef-m  qodef-qi-faq qodef-qi-clear  qodef-behavior--accordion qodef-layout--simple qodef-style--border-between\">\n\t<h6 class=\"qodef-e-title-holder\">\n\t<span class=\"qodef-e-title\">\n\t\t\t\tBooking Conditions\t<\/span>\n\t\t<span class=\"qodef-e-mark\">\n\t\t<span class=\"qodef-icon--plus\">\n\t\t\t\t<span class=\"qodef-e-icon\">\n\t\t<i aria-hidden=\"true\" class=\"fas fa-plus\"><\/i>\t<\/span>\n\t\t\t<\/span>\n\t\t<span class=\"qodef-icon--minus\">\n\t\t\t\t<span class=\"qodef-e-icon\">\n\t\t<i aria-hidden=\"true\" class=\"fas fa-minus\"><\/i>\t<\/span>\n\t\t\t<\/span>\n\t<\/span>\n\t<\/h6>\n<div class=\"qodef-e-content\">\n\t<div class=\"qodef-e-content-inner\">\n\t\t<span><b>Deposit:<\/b> 100% payment required at the time of booking. <br>\n<b>Cancellation policy:<\/b> Free cancellation up to 7 days before the event date. After this period, no refund will be given.<\/span>\t<\/div>\n<\/div>\n<\/div>\n\t\t<\/div>\n\t\t\t\t<\/div>\n\t\t\t\t\t<\/div>\n\t\t<\/div>\n\t\t\t\t\t<\/div>\n\t\t<\/section>\n\t\t\t\t<\/div>\n\t\t","protected":false},"excerpt":{"rendered":"<p>New Year&#8217;s Eve at Allora Start a New Year&#8217;s tradition Celebrate New Year\u2019s Eve with the vibrant spirit of Italy at Allora. Discover a special dinner where classic Italian flavours meet festive glamour \u2014 for a sparkling start to 2026. Welcome 2026 with the 7 wonders of the world: 5-course menu with drinks included Time: [&hellip;]<\/p>\n","protected":false},"author":1,"featured_media":0,"parent":0,"menu_order":0,"comment_status":"closed","ping_status":"closed","template":"page-full-width.php","meta":{"_themeisle_gutenberg_block_has_review":false,"footnotes":"","_links_to":"","_links_to_target":""},"class_list":["post-13219","page","type-page","status-publish","hentry"],"yoast_head":"<!-- This site is optimized with the Yoast SEO plugin v24.6 - https:\/\/yoast.com\/wordpress\/plugins\/seo\/ -->\n<title>Reserve o seu Evento | Allora Restaurante &amp; Bar<\/title>\n<meta name=\"description\" content=\"O Allora Restaurante &amp; Bar \u00e9 o seu espa\u00e7o ideal para organizar os seus Eventos e Festas de Anivers\u00e1rio. Fa\u00e7a a sua reserva.\" \/>\n<meta name=\"robots\" content=\"index, follow, max-snippet:-1, max-image-preview:large, max-video-preview:-1\" \/>\n<link rel=\"canonical\" href=\"https:\/\/www.allora.pt\/reservar-passagem-de-ano\/\" \/>\n<meta property=\"og:locale\" content=\"en_US\" \/>\n<meta property=\"og:type\" content=\"article\" \/>\n<meta property=\"og:title\" content=\"Reserve o seu Evento | Allora Restaurante &amp; Bar\" \/>\n<meta property=\"og:description\" content=\"O Allora Restaurante &amp; Bar \u00e9 o seu espa\u00e7o ideal para organizar os seus Eventos e Festas de Anivers\u00e1rio. Fa\u00e7a a sua reserva.\" \/>\n<meta property=\"og:url\" content=\"https:\/\/www.allora.pt\/reservar-passagem-de-ano\/\" \/>\n<meta property=\"og:site_name\" content=\"Allora\" \/>\n<meta property=\"article:modified_time\" content=\"2026-01-08T10:02:47+00:00\" \/>\n<meta name=\"twitter:card\" content=\"summary_large_image\" \/>\n<meta name=\"twitter:label1\" content=\"Est. reading time\" \/>\n\t<meta name=\"twitter:data1\" content=\"1 minute\" \/>\n<script type=\"application\/ld+json\" class=\"yoast-schema-graph\">{\"@context\":\"https:\/\/schema.org\",\"@graph\":[{\"@type\":\"WebPage\",\"@id\":\"https:\/\/www.allora.pt\/reservar-passagem-de-ano\/\",\"url\":\"https:\/\/www.allora.pt\/reservar-passagem-de-ano\/\",\"name\":\"Reserve o seu Evento | Allora Restaurante & Bar\",\"isPartOf\":{\"@id\":\"https:\/\/www.allora.pt\/#website\"},\"datePublished\":\"2024-11-18T16:06:19+00:00\",\"dateModified\":\"2026-01-08T10:02:47+00:00\",\"description\":\"O Allora Restaurante & Bar \u00e9 o seu espa\u00e7o ideal para organizar os seus Eventos e Festas de Anivers\u00e1rio. Fa\u00e7a a sua reserva.\",\"breadcrumb\":{\"@id\":\"https:\/\/www.allora.pt\/reservar-passagem-de-ano\/#breadcrumb\"},\"inLanguage\":\"en-US\",\"potentialAction\":[{\"@type\":\"ReadAction\",\"target\":[\"https:\/\/www.allora.pt\/reservar-passagem-de-ano\/\"]}]},{\"@type\":\"BreadcrumbList\",\"@id\":\"https:\/\/www.allora.pt\/reservar-passagem-de-ano\/#breadcrumb\",\"itemListElement\":[{\"@type\":\"ListItem\",\"position\":1,\"name\":\"In\u00edcio\",\"item\":\"https:\/\/www.allora.pt\/\"},{\"@type\":\"ListItem\",\"position\":2,\"name\":\"Book New Year&#8217;s Eve\"}]},{\"@type\":\"WebSite\",\"@id\":\"https:\/\/www.allora.pt\/#website\",\"url\":\"https:\/\/www.allora.pt\/\",\"name\":\"Allora\",\"description\":\"Restaurante Italiano em Lisboa\",\"potentialAction\":[{\"@type\":\"SearchAction\",\"target\":{\"@type\":\"EntryPoint\",\"urlTemplate\":\"https:\/\/www.allora.pt\/?s={search_term_string}\"},\"query-input\":{\"@type\":\"PropertyValueSpecification\",\"valueRequired\":true,\"valueName\":\"search_term_string\"}}],\"inLanguage\":\"en-US\"}]}<\/script>\n<!-- \/ Yoast SEO plugin. -->","yoast_head_json":{"title":"Reserve o seu Evento | Allora Restaurante & Bar","description":"O Allora Restaurante & Bar \u00e9 o seu espa\u00e7o ideal para organizar os seus Eventos e Festas de Anivers\u00e1rio. Fa\u00e7a a sua reserva.","robots":{"index":"index","follow":"follow","max-snippet":"max-snippet:-1","max-image-preview":"max-image-preview:large","max-video-preview":"max-video-preview:-1"},"canonical":"https:\/\/www.allora.pt\/reservar-passagem-de-ano\/","og_locale":"en_US","og_type":"article","og_title":"Reserve o seu Evento | Allora Restaurante & Bar","og_description":"O Allora Restaurante & Bar \u00e9 o seu espa\u00e7o ideal para organizar os seus Eventos e Festas de Anivers\u00e1rio. Fa\u00e7a a sua reserva.","og_url":"https:\/\/www.allora.pt\/reservar-passagem-de-ano\/","og_site_name":"Allora","article_modified_time":"2026-01-08T10:02:47+00:00","twitter_card":"summary_large_image","twitter_misc":{"Est. reading time":"1 minute"},"schema":{"@context":"https:\/\/schema.org","@graph":[{"@type":"WebPage","@id":"https:\/\/www.allora.pt\/reservar-passagem-de-ano\/","url":"https:\/\/www.allora.pt\/reservar-passagem-de-ano\/","name":"Reserve o seu Evento | Allora Restaurante & Bar","isPartOf":{"@id":"https:\/\/www.allora.pt\/#website"},"datePublished":"2024-11-18T16:06:19+00:00","dateModified":"2026-01-08T10:02:47+00:00","description":"O Allora Restaurante & Bar \u00e9 o seu espa\u00e7o ideal para organizar os seus Eventos e Festas de Anivers\u00e1rio. Fa\u00e7a a sua reserva.","breadcrumb":{"@id":"https:\/\/www.allora.pt\/reservar-passagem-de-ano\/#breadcrumb"},"inLanguage":"en-US","potentialAction":[{"@type":"ReadAction","target":["https:\/\/www.allora.pt\/reservar-passagem-de-ano\/"]}]},{"@type":"BreadcrumbList","@id":"https:\/\/www.allora.pt\/reservar-passagem-de-ano\/#breadcrumb","itemListElement":[{"@type":"ListItem","position":1,"name":"In\u00edcio","item":"https:\/\/www.allora.pt\/"},{"@type":"ListItem","position":2,"name":"Book New Year&#8217;s Eve"}]},{"@type":"WebSite","@id":"https:\/\/www.allora.pt\/#website","url":"https:\/\/www.allora.pt\/","name":"Allora","description":"Restaurante Italiano em Lisboa","potentialAction":[{"@type":"SearchAction","target":{"@type":"EntryPoint","urlTemplate":"https:\/\/www.allora.pt\/?s={search_term_string}"},"query-input":{"@type":"PropertyValueSpecification","valueRequired":true,"valueName":"search_term_string"}}],"inLanguage":"en-US"}]}},"_links":{"self":[{"href":"https:\/\/www.allora.pt\/en\/wp-json\/wp\/v2\/pages\/13219","targetHints":{"allow":["GET"]}}],"collection":[{"href":"https:\/\/www.allora.pt\/en\/wp-json\/wp\/v2\/pages"}],"about":[{"href":"https:\/\/www.allora.pt\/en\/wp-json\/wp\/v2\/types\/page"}],"author":[{"embeddable":true,"href":"https:\/\/www.allora.pt\/en\/wp-json\/wp\/v2\/users\/1"}],"replies":[{"embeddable":true,"href":"https:\/\/www.allora.pt\/en\/wp-json\/wp\/v2\/comments?post=13219"}],"version-history":[{"count":30,"href":"https:\/\/www.allora.pt\/en\/wp-json\/wp\/v2\/pages\/13219\/revisions"}],"predecessor-version":[{"id":14853,"href":"https:\/\/www.allora.pt\/en\/wp-json\/wp\/v2\/pages\/13219\/revisions\/14853"}],"wp:attachment":[{"href":"https:\/\/www.allora.pt\/en\/wp-json\/wp\/v2\/media?parent=13219"}],"curies":[{"name":"wp","href":"https:\/\/api.w.org\/{rel}","templated":true}]}}